{"id":1213,"date":"2016-07-15T09:26:21","date_gmt":"2016-07-15T07:26:21","guid":{"rendered":"https:\/\/pianomat.pl\/?page_id=1213"},"modified":"2017-02-24T14:08:28","modified_gmt":"2017-02-24T13:08:28","slug":"home","status":"publish","type":"page","link":"https:\/\/pianomat.pl\/en\/","title":{"rendered":"HOME"},"content":{"rendered":"[vc_row disable_element=&#8221;yes&#8221; wide=&#8221;yes&#8221; css=&#8221;.vc_custom_1472554552981{margin-top: 0px !important;margin-bottom: 0px !important;border-top-width: 0px !important;border-bottom-width: 0px !important;padding-top: 0px !important;padding-bottom: 0px !important;}&#8221; el_id=&#8221;ONE_PAGE_MENU&#8221;][vc_column][vc_column_text]<ul class=\"alterna-pagenav mline left \"><li><a href=\"#home\" title=\"Home\"><\/a><li><a href=\"#producent\" title=\"Manufacturer\"><\/a><li><a href=\"#aktualnosci\" title=\"News\"><\/a><li><a href=\"#nagrody\" title=\"Certificates and Awards\"><\/a><\/ul>[\/vc_column_text][\/vc_column][\/vc_row][vc_row content_placement=&#8221;top&#8221; wide=&#8221;yes&#8221; css=&#8221;.vc_custom_1472556136776{margin-top: -35px !important;background-image: url(https:\/\/pianomat.pl\/wp-content\/uploads\/2016\/07\/wide_img_01.jpg?id=198) !important;background-position: center !important;background-repeat: no-repeat !important;background-size: cover !important;}&#8221; el_id=&#8221;producent&#8221;][vc_column]<div class=\"alterna-sc-title center\"><div class=\"row\"><div class=\"col-md-12\"><div class=\"alterna-sc-title-container\"><h2 class=\"alterna-sc-entry-title uppercase \">MANUFACTURER<\/h2><\/div><\/div><\/div><\/div>[vc_row_inner equal_height=&#8221;yes&#8221;][vc_column_inner width=&#8221;1\/3&#8243; css=&#8221;.vc_custom_1472562540978{margin-right: 5px !important;margin-bottom: 15px !important;margin-left: 5px !important;background-color: rgba(0,0,0,0.3) !important;*background-color: rgb(0,0,0) !important;border-radius: 10px !important;}&#8221;]<div class=\"alterna-service  center alterna-service-icon-bg\" ><div class=\"alterna-service-img-content\"><div class=\"alterna-service-icon orangered service-scale\"><i class=\"fa fa-industry\"><\/i><\/div><\/div><div class=\"alterna-service-content\"><h3 class=\"alterna-service-title\">ORGANIKA<\/h3><div class=\"alterna-service-entry-content\">The manufacturer and owner of Pianomat<sup>\u00ae<\/sup> is <a href=\"http:\/\/www.organika.pl\/\" target=\"_blank\"><img loading=\"lazy\" decoding=\"async\" class=\"logo-organika alignnone\" src=\"https:\/\/pianomat.pl\/wp-content\/uploads\/2016\/07\/organika_tekst.png\" alt=\"organika_tekst\" width=\"101\" height=\"26\" \/><\/a>, seated in Malbork.<\/p>\n<p>Malborskie Zak\u0142ady Chemiczne Organika S.A. is a leading manufacturer of elastic polyurethane foam in <strong>Poland, Central and Eastern Europe,<\/strong> and in the Balkans. It composes an international capital group including 10 affiliated companies conducting business activities in the Czech Republic, Russia, Bulgaria, Bosnia and Herzegovina, and Belarus.<\/div><\/div><\/div>[\/vc_column_inner][vc_column_inner width=&#8221;1\/3&#8243; css=&#8221;.vc_custom_1472562560919{margin-right: 5px !important;margin-bottom: 15px !important;margin-left: 5px !important;background-color: rgba(0,0,0,0.3) !important;*background-color: rgb(0,0,0) !important;border-radius: 10px !important;}&#8221;]<div class=\"alterna-service  center alterna-service-icon-bg\" ><div class=\"alterna-service-img-content\"><div class=\"alterna-service-icon btn-primary service-scale\"><i class=\"fa fa-cogs\"><\/i><\/div><\/div><div class=\"alterna-service-content\"><h3 class=\"alterna-service-title\">COMPREHENSIVE SERVICES<\/h3><div class=\"alterna-service-entry-content\">Organika is a high-quality brand and has been a reliable partner for furniture manufacturers <strong>for 55 years.<\/strong> It implements a development strategy in accordance with the highest environmental standards.<\/p>\n<p>With the use of <strong>high technologies,<\/strong> specialist machinery and computer software, Organika provides comprehensive and professional services and support for clients in developing their products, as well as support concerning optimum solutions in furniture design, foam selection and the appropriate cutting process.<\/div><\/div><\/div>[\/vc_column_inner][vc_column_inner width=&#8221;1\/3&#8243; css=&#8221;.vc_custom_1472562569361{margin-right: 5px !important;margin-bottom: 15px !important;margin-left: 5px !important;background-color: rgba(0,0,0,0.3) !important;*background-color: rgb(0,0,0) !important;border-radius: 10px !important;}&#8221;]<div class=\"alterna-service  center alterna-service-icon-bg\" ><div class=\"alterna-service-img-content\"><div class=\"alterna-service-icon green service-scale\"><i class=\"fa fa-leaf\"><\/i><\/div><\/div><div class=\"alterna-service-content\"><h3 class=\"alterna-service-title\">ENVIRONMENTAL PROTECTION<\/h3><div class=\"alterna-service-entry-content\">In the effort <strong>to protect the environment,<\/strong> Organika manages production residues generated during the treatment of upholstery foam. As a result, foam is produced by <strong>eco-recycling (rebound foams).<\/strong><\/p>\n<p>Given the excellent properties of rebound foam for the construction and finishing sector, in 2003 Organika started the production of <strong>Pianomat<sup>\u00ae<\/sup> insulation mat.<\/strong><\/div><\/div><\/div>[\/vc_column_inner][\/vc_row_inner][\/vc_column][\/vc_row][vc_row wide=&#8221;yes&#8221; el_id=&#8221;aktualnosci&#8221; css=&#8221;.vc_custom_1472562089168{background-color: #e4e4e4 !important;}&#8221;][vc_column]<div class=\"alterna-sc-title center\"><div class=\"row\"><div class=\"col-md-12\"><div class=\"alterna-sc-title-container\"><h2 class=\"alterna-sc-entry-title uppercase \">NEWS<\/h2><\/div><\/div><\/div><\/div><div class=\"row\"><div class=\"alterna-shortcode-blog-post animate-list\"><article id=\"post-1229\" class=\"shortcode-post-entry blog-element blog-shortcode-style-2 col-md-6 col-sm-6 col-xs-6 post-1229 post type-post status-publish format-image has-post-thumbnail hentry post_format-post-format-image animate-item\" data-effect=\"bounceIn\" itemscope itemtype=\"http:\/\/schema.org\/Article\"><div class=\"post-element-content\">\n\t\t\t\t<div class=\"post-img\"><a href=\"https:\/\/pianomat.pl\/en\/2016\/12\/28\/perfect-home\/\"><img loading=\"lazy\" decoding=\"async\" width=\"555\" height=\"313\" src=\"https:\/\/pianomat.pl\/wp-content\/uploads\/2016\/12\/Dom-Idealny-555x313.jpg\" class=\"attachment-alterna-m-thumbs size-alterna-m-thumbs wp-post-image\" alt=\"Perfect Home\" title=\"\" srcset=\"https:\/\/pianomat.pl\/wp-content\/uploads\/2016\/12\/Dom-Idealny-555x313.jpg 555w, https:\/\/pianomat.pl\/wp-content\/uploads\/2016\/12\/Dom-Idealny-788x445.jpg 788w, https:\/\/pianomat.pl\/wp-content\/uploads\/2016\/12\/Dom-Idealny-750x423.jpg 750w, https:\/\/pianomat.pl\/wp-content\/uploads\/2016\/12\/Dom-Idealny-450x254.jpg 450w\" sizes=\"auto, (max-width: 555px) 100vw, 555px\" \/><\/a>\n\t\t\t\t<\/div>\n\t\t\t\t<div class=\"date\" class=\"entry-date updated\" itemprop=\"datePublished\" datetime=\"2016-12-28T17:08:54+01:00\"><span class=\"day\">28<\/span><span class=\"month\">Dec<\/span><span class=\"year\">2016<\/span><\/div><div class=\"post-comments\"><a href=\"https:\/\/pianomat.pl\/en\/2016\/12\/28\/perfect-home\/#comments\"><i class=\"fa fa-comments\"><\/i>0<\/a><\/div><\/div><section class=\"post-content\">\n\t\t\t\t<header class=\"entry-header\">\n\t\t\t\t\t<h4 class=\"entry-title\" itemprop=\"name\"><a href=\"https:\/\/pianomat.pl\/en\/2016\/12\/28\/perfect-home\/\" itemprop=\"url\">Perfect Home<\/a><\/h4>\n\t\t\t\t<\/header><\/section><\/article><article id=\"post-1232\" class=\"shortcode-post-entry blog-element blog-shortcode-style-2 col-md-6 col-sm-6 col-xs-6 post-1232 post type-post status-publish format-image has-post-thumbnail hentry post_format-post-format-image animate-item\" data-effect=\"bounceIn\" itemscope itemtype=\"http:\/\/schema.org\/Article\"><div class=\"post-element-content\">\n\t\t\t\t<div class=\"post-img\"><a href=\"https:\/\/pianomat.pl\/en\/2016\/12\/22\/merry-christmas\/\"><img loading=\"lazy\" decoding=\"async\" width=\"555\" height=\"313\" src=\"https:\/\/pianomat.pl\/wp-content\/uploads\/2016\/12\/KARTKA-\u015aWIATECZNA-PIANOMAT-555x313.jpg\" class=\"attachment-alterna-m-thumbs size-alterna-m-thumbs wp-post-image\" alt=\"Merry Christmas!\" title=\"\" srcset=\"https:\/\/pianomat.pl\/wp-content\/uploads\/2016\/12\/KARTKA-\u015aWIATECZNA-PIANOMAT-555x313.jpg 555w, https:\/\/pianomat.pl\/wp-content\/uploads\/2016\/12\/KARTKA-\u015aWIATECZNA-PIANOMAT-788x445.jpg 788w, https:\/\/pianomat.pl\/wp-content\/uploads\/2016\/12\/KARTKA-\u015aWIATECZNA-PIANOMAT-750x423.jpg 750w, https:\/\/pianomat.pl\/wp-content\/uploads\/2016\/12\/KARTKA-\u015aWIATECZNA-PIANOMAT-450x254.jpg 450w\" sizes=\"auto, (max-width: 555px) 100vw, 555px\" \/><\/a>\n\t\t\t\t<\/div>\n\t\t\t\t<div class=\"date\" class=\"entry-date updated\" itemprop=\"datePublished\" datetime=\"2016-12-22T18:07:54+01:00\"><span class=\"day\">22<\/span><span class=\"month\">Dec<\/span><span class=\"year\">2016<\/span><\/div><div class=\"post-comments\"><a href=\"https:\/\/pianomat.pl\/en\/2016\/12\/22\/merry-christmas\/#comments\"><i class=\"fa fa-comments\"><\/i>0<\/a><\/div><\/div><section class=\"post-content\">\n\t\t\t\t<header class=\"entry-header\">\n\t\t\t\t\t<h4 class=\"entry-title\" itemprop=\"name\"><a href=\"https:\/\/pianomat.pl\/en\/2016\/12\/22\/merry-christmas\/\" itemprop=\"url\">Merry Christmas!<\/a><\/h4>\n\t\t\t\t<\/header><\/section><\/article><article id=\"post-1235\" class=\"shortcode-post-entry blog-element blog-shortcode-style-2 col-md-6 col-sm-6 col-xs-6 post-1235 post type-post status-publish format-image has-post-thumbnail hentry category-news post_format-post-format-image animate-item\" data-effect=\"bounceIn\" itemscope itemtype=\"http:\/\/schema.org\/Article\"><div class=\"post-element-content\">\n\t\t\t\t<div class=\"post-img\"><a href=\"https:\/\/pianomat.pl\/en\/2016\/12\/16\/primary-school-no-205-in-lodz\/\"><img loading=\"lazy\" decoding=\"async\" width=\"555\" height=\"313\" src=\"https:\/\/pianomat.pl\/wp-content\/uploads\/2016\/12\/S.P.-nr-205-555x313.jpg\" class=\"attachment-alterna-m-thumbs size-alterna-m-thumbs wp-post-image\" alt=\"Primary School No. 205 in \u0141\u00f3d\u017a\" title=\"\" srcset=\"https:\/\/pianomat.pl\/wp-content\/uploads\/2016\/12\/S.P.-nr-205-555x313.jpg 555w, https:\/\/pianomat.pl\/wp-content\/uploads\/2016\/12\/S.P.-nr-205-788x445.jpg 788w, https:\/\/pianomat.pl\/wp-content\/uploads\/2016\/12\/S.P.-nr-205-750x423.jpg 750w, https:\/\/pianomat.pl\/wp-content\/uploads\/2016\/12\/S.P.-nr-205-450x254.jpg 450w\" sizes=\"auto, (max-width: 555px) 100vw, 555px\" \/><\/a>\n\t\t\t\t<\/div>\n\t\t\t\t<div class=\"date\" class=\"entry-date updated\" itemprop=\"datePublished\" datetime=\"2016-12-16T20:04:13+01:00\"><span class=\"day\">16<\/span><span class=\"month\">Dec<\/span><span class=\"year\">2016<\/span><\/div><div class=\"post-comments\"><a href=\"https:\/\/pianomat.pl\/en\/2016\/12\/16\/primary-school-no-205-in-lodz\/#comments\"><i class=\"fa fa-comments\"><\/i>0<\/a><\/div><\/div><section class=\"post-content\">\n\t\t\t\t<header class=\"entry-header\">\n\t\t\t\t\t<h4 class=\"entry-title\" itemprop=\"name\"><a href=\"https:\/\/pianomat.pl\/en\/2016\/12\/16\/primary-school-no-205-in-lodz\/\" itemprop=\"url\">Primary School No. 205 in \u0141\u00f3d\u017a<\/a><\/h4>\n\t\t\t\t<\/header><\/section><\/article><article id=\"post-1241\" class=\"shortcode-post-entry blog-element blog-shortcode-style-2 col-md-6 col-sm-6 col-xs-6 post-1241 post type-post status-publish format-image has-post-thumbnail hentry category-news post_format-post-format-image animate-item\" data-effect=\"bounceIn\" itemscope itemtype=\"http:\/\/schema.org\/Article\"><div class=\"post-element-content\">\n\t\t\t\t<div class=\"post-img\"><a href=\"https:\/\/pianomat.pl\/en\/2016\/10\/26\/new-pianomat-distributor\/\"><img loading=\"lazy\" decoding=\"async\" width=\"509\" height=\"113\" src=\"https:\/\/pianomat.pl\/wp-content\/uploads\/2016\/10\/Kosza\u0142ka.jpg\" class=\"attachment-alterna-m-thumbs size-alterna-m-thumbs wp-post-image\" alt=\"New Pianomat distributor\" title=\"\" srcset=\"https:\/\/pianomat.pl\/wp-content\/uploads\/2016\/10\/Kosza\u0142ka.jpg 509w, https:\/\/pianomat.pl\/wp-content\/uploads\/2016\/10\/Kosza\u0142ka-300x67.jpg 300w\" sizes=\"auto, (max-width: 509px) 100vw, 509px\" \/><\/a>\n\t\t\t\t<\/div>\n\t\t\t\t<div class=\"date\" class=\"entry-date updated\" itemprop=\"datePublished\" datetime=\"2016-10-26T10:58:14+02:00\"><span class=\"day\">26<\/span><span class=\"month\">Oct<\/span><span class=\"year\">2016<\/span><\/div><div class=\"post-comments\"><a href=\"https:\/\/pianomat.pl\/en\/2016\/10\/26\/new-pianomat-distributor\/#comments\"><i class=\"fa fa-comments\"><\/i>0<\/a><\/div><\/div><section class=\"post-content\">\n\t\t\t\t<header class=\"entry-header\">\n\t\t\t\t\t<h4 class=\"entry-title\" itemprop=\"name\"><a href=\"https:\/\/pianomat.pl\/en\/2016\/10\/26\/new-pianomat-distributor\/\" itemprop=\"url\">New Pianomat distributor<\/a><\/h4>\n\t\t\t\t<\/header><\/section><\/article><\/div><\/div><p class=\"alterna-button-align-center\"><a  class=\"btn float-btn icon-btn btn-lg orange\" href=\"home\/news\/?lang=en\" target=\"_self\" ><span><i class=\"fa fa-share\"><\/i><\/span>show more<\/a><\/p>[\/vc_column][\/vc_row][vc_row wide=&#8221;yes&#8221; el_id=&#8221;nagrody&#8221; css=&#8221;.vc_custom_1472562945761{background-color: #2b2b2b !important;}&#8221;][vc_column]<div class=\"alterna-sc-title center\"><div class=\"row\"><div class=\"col-md-12\"><div class=\"alterna-sc-title-container\"><h2 class=\"alterna-sc-entry-title uppercase \">Certificates and Awards<\/h2><\/div><\/div><\/div><\/div>[vc_row_inner][vc_column_inner width=&#8221;1\/3&#8243;]<div class=\"team animate\" data-effect=\"bounceIn\"><div class=\"team-avatar btn-primary\"><img decoding=\"async\" src=\"https:\/\/pianomat.pl\/wp-content\/uploads\/2016\/07\/logo-zut-1.jpg\" alt=\"Certificate of ZUT\" \/><\/div><div class=\"team-user-info\"><h4 class=\"team-title\">Certificate of ZUT<\/h4><div class=\"team-job\"><\/div><\/div><div class=\"team-content\">West Pomeranian University of Technology in Szczecin<\/div><div class=\"team-socials\"><\/div><\/div>[\/vc_column_inner][vc_column_inner width=&#8221;1\/3&#8243;]<div class=\"team animate\" data-effect=\"bounceIn\"><div class=\"team-avatar btn-primary\"><img decoding=\"async\" src=\"https:\/\/pianomat.pl\/wp-content\/uploads\/2016\/07\/pzh_logo_pl.jpg\" alt=\"Certificate of PZH\" \/><\/div><div class=\"team-user-info\"><h4 class=\"team-title\">Certificate of PZH<\/h4><div class=\"team-job\"><\/div><\/div><div class=\"team-content\">National Institute of Public Health<\/div><div class=\"team-socials\"><\/div><\/div>[\/vc_column_inner][vc_column_inner width=&#8221;1\/3&#8243;]<div class=\"team animate\" data-effect=\"bounceIn\"><div class=\"team-avatar btn-primary\"><img decoding=\"async\" src=\"https:\/\/pianomat.pl\/wp-content\/uploads\/2016\/07\/zach_certy.jpg\" alt=\"Fire resistance certificate\" \/><\/div><div class=\"team-user-info\"><h4 class=\"team-title\">Fire resistance certificate<\/h4><div class=\"team-job\"><\/div><\/div><div class=\"team-content\">West Pomeranian University of Technology in Szczecin.<br \/>\nAssessment of the flooring\u2019s resistance to external fire sources.<\/div><div class=\"team-socials\"><\/div><\/div>[\/vc_column_inner][\/vc_row_inner][vc_row_inner][vc_column_inner width=&#8221;1\/3&#8243;]<div class=\"team animate\" data-effect=\"bounceIn\"><div class=\"team-avatar btn-primary\"><img decoding=\"async\" src=\"https:\/\/pianomat.pl\/wp-content\/uploads\/2016\/07\/atest_logo.jpg\" alt=\"Hygiene certificate for Pianomat\" \/><\/div><div class=\"team-user-info\"><h4 class=\"team-title\">Hygiene certificate for Pianomat<\/h4><div class=\"team-job\"><\/div><\/div><div class=\"team-content\">Hygiene certificate awarded by the Medical University of Gda\u0144sk<\/div><div class=\"team-socials\"><\/div><\/div>[\/vc_column_inner][vc_column_inner width=&#8221;1\/3&#8243;]<div class=\"team animate\" data-effect=\"bounceIn\"><div class=\"team-avatar btn-primary\"><img decoding=\"async\" src=\"https:\/\/pianomat.pl\/wp-content\/uploads\/2016\/07\/itb_logo.jpg\" alt=\"Technical approval of ITB\" \/><\/div><div class=\"team-user-info\"><h4 class=\"team-title\">Technical approval of ITB<\/h4><div class=\"team-job\"><\/div><\/div><div class=\"team-content\">Technical approval of ITB (Building Research Institute)<\/div><div class=\"team-socials\"><\/div><\/div>[\/vc_column_inner][vc_column_inner width=&#8221;1\/3&#8243;]<div class=\"team animate\" data-effect=\"bounceIn\"><div class=\"team-avatar btn-primary\"><img decoding=\"async\" src=\"https:\/\/pianomat.pl\/wp-content\/uploads\/2016\/07\/lider_nowych_2016-1.jpg\" alt=\"Leader of New Technologies 2016\" \/><\/div><div class=\"team-user-info\"><h4 class=\"team-title\">Leader of New Technologies 2016<\/h4><div class=\"team-job\"><\/div><\/div><div class=\"team-content\"><\/div><div class=\"team-socials\"><\/div><\/div>[\/vc_column_inner][\/vc_row_inner][\/vc_column][\/vc_row]\n","protected":false},"excerpt":{"rendered":"<p>[vc_row disable_element=&#8221;yes&#8221; wide=&#8221;yes&#8221; css=&#8221;.vc_custom_1472554552981{margin-top: 0px !important;margin-bottom: 0px !important;border-top-width: 0px !important;border-bottom-width: 0px !important;padding-top: 0px !important;padding-bottom: 0px !important;}&#8221; el_id=&#8221;ONE_PAGE_MENU&#8221;][vc_column][vc_column_text][\/vc_column_text][\/vc_column][\/vc_row][vc_row content_placement=&#8221;top&#8221; wide=&#8221;yes&#8221; css=&#8221;.vc_custom_1472556136776{margin-top: -35px !important;background-image: url(https:\/\/pianomat.pl\/wp-content\/uploads\/2016\/07\/wide_img_01.jpg?id=198) !important;background-position: center !important;background-repeat: no-repeat !important;background-size: cover !important;}&#8221; el_id=&#8221;producent&#8221;][vc_column][vc_row_inner equal_height=&#8221;yes&#8221;][vc_column_inner width=&#8221;1\/3&#8243; css=&#8221;.vc_custom_1472562540978{margin-right: 5px !important;margin-bottom: 15px !important;margin-left: 5px !important;background-color: rgba(0,0,0,0.3) !important;*background-color: rgb(0,0,0) !important;border-radius: 10px !important;}&#8221;][\/vc_column_inner][vc_column_inner width=&#8221;1\/3&#8243; css=&#8221;.vc_custom_1472562560919{margin-right: 5px !important;margin-bottom: 15px !important;margin-left: 5px !important;background-color: rgba(0,0,0,0.3) [&hellip;]<\/p>\n","protected":false},"author":1,"featured_media":0,"parent":0,"menu_order":1,"comment_status":"closed","ping_status":"closed","template":"","meta":{"footnotes":""},"class_list":["post-1213","page","type-page","status-publish","hentry"],"_links":{"self":[{"href":"https:\/\/pianomat.pl\/en\/wp-json\/wp\/v2\/pages\/1213\/"}],"collection":[{"href":"https:\/\/pianomat.pl\/en\/wp-json\/wp\/v2\/pages\/"}],"about":[{"href":"https:\/\/pianomat.pl\/en\/wp-json\/wp\/v2\/types\/page\/"}],"author":[{"embeddable":true,"href":"https:\/\/pianomat.pl\/en\/wp-json\/wp\/v2\/users\/1\/"}],"replies":[{"embeddable":true,"href":"https:\/\/pianomat.pl\/en\/wp-json\/wp\/v2\/comments\/?post=1213"}],"version-history":[{"count":0,"href":"https:\/\/pianomat.pl\/en\/wp-json\/wp\/v2\/pages\/1213\/revisions\/"}],"wp:attachment":[{"href":"https:\/\/pianomat.pl\/en\/wp-json\/wp\/v2\/media\/?parent=1213"}],"curies":[{"name":"wp","href":"https:\/\/api.w.org\/{rel}","templated":true}]}}